{"id":1727,"date":"2023-02-14T16:14:23","date_gmt":"2023-02-14T15:14:23","guid":{"rendered":"https:\/\/poschenrieder-consulting.eu\/de\/datenschutzerklaerung-eu\/"},"modified":"2024-01-17T16:24:29","modified_gmt":"2024-01-17T15:24:29","slug":"datenschutzerklaerung-eu","status":"publish","type":"page","link":"https:\/\/poschenrieder-consulting.eu\/de\/datenschutzerklaerung-eu\/","title":{"rendered":"Daten\u00adschutz\u00ader\u00adkl\u00e4\u00adrung (EU)"},"content":{"rendered":"\n<!-- Legal document generated by Complianz | GDPR\/CCPA Cookie Consent https:\/\/wordpress.org\/plugins\/complianz-gdpr -->\n<div id=\"cmplz-document\" class=\"cmplz-document privacy-statement cmplz-document-eu\"><p><i>Die\u00adse Daten\u00adschutz\u00ader\u00adkl\u00e4\u00adrung wur\u00adde zuletzt am Febru\u00adar 14, 2023 aktua\u00adli\u00adsiert und gilt f\u00fcr B\u00fcr\u00adger und Per\u00adso\u00adnen mit st\u00e4n\u00addi\u00adgem Wohn\u00adsitz im Euro\u00adp\u00e4i\u00adschen Wirt\u00adschafts\u00adraum und der Schweiz.<\/i><br><br><\/p><p><\/p><p>In die\u00adser Daten\u00adschutz\u00ader\u00adkl\u00e4\u00adrung erkl\u00e4\u00adren wir, wie wir mit den Daten umge\u00adhen, die wir \u00fcber <a href=\"https:\/\/poschenrieder-consulting.eu\/de\">https:\/\/poschenrieder-consulting.eu\/de<\/a> von Ihnen erhal\u00adten. Wir emp\u00adfeh\u00adlen Ihnen, die\u00adse Erkl\u00e4\u00adrung sorg\u00adf\u00e4l\u00adtig zu lesen. Bei unse\u00adrer Ver\u00adar\u00adbei\u00adtung beach\u00adten wir die daten\u00adschutz\u00adrecht\u00adli\u00adchen Bestim\u00admun\u00adgen. Das bedeu\u00adtet unter ande\u00adrem, dass:<\/p><ul>\n                <li>wir geben deut\u00adlich an, zu wel\u00adchen Zwe\u00adcken wir per\u00adso\u00adnen\u00adbe\u00adzo\u00adge\u00adne Daten ver\u00adar\u00adbei\u00adten. Wir tun dies mit Hil\u00adfe die\u00adser Daten\u00adschutz\u00ader\u00adkl\u00e4\u00adrung;<\/li>\n                <li>wir sind bestrebt, unse\u00adre Erhe\u00adbung per\u00adso\u00adnen\u00adbe\u00adzo\u00adge\u00adner Daten nur auf die zu legi\u00adti\u00admen Zwe\u00adcken erfor\u00adder\u00adli\u00adchen per\u00adso\u00adnen\u00adbe\u00adzo\u00adge\u00adnen Daten zu beschr\u00e4n\u00adken;<\/li>\n                <li>in F\u00e4l\u00adlen, in denen Ihre Zustim\u00admung erfor\u00adder\u00adlich ist, bit\u00adten wir Sie zun\u00e4chst um Ihre aus\u00addr\u00fcck\u00adli\u00adche Zustim\u00admung zur Ver\u00adar\u00adbei\u00adtung Ihrer per\u00adso\u00adnen\u00adbe\u00adzo\u00adge\u00adnen Daten;<\/li>\n                <li>wir ergrei\u00adfen geeig\u00adne\u00adte Sicher\u00adheits\u00adma\u00df\u00adnah\u00admen, um Ihre per\u00ads\u00f6n\u00adli\u00adchen Daten zu sch\u00fct\u00adzen und for\u00addern dies auch von den Par\u00adtei\u00aden an, die per\u00ads\u00f6n\u00adli\u00adche Daten in unse\u00adrem Namen ver\u00adar\u00adbei\u00adten;<\/li>\n                <li>wir respek\u00adtie\u00adren Ihr Recht, auf Ihre per\u00ads\u00f6n\u00adli\u00adchen Daten zuzu\u00adgrei\u00adfen oder sie auf Ihre Auf\u00adfor\u00adde\u00adrung hin berich\u00adti\u00adgen oder l\u00f6schen zu las\u00adsen.<\/li>\n            <\/ul><p>Wenn Sie Fra\u00adgen haben oder genau wis\u00adsen m\u00f6ch\u00adten, wel\u00adche Daten wir von Ihnen auf\u00adbe\u00adwah\u00adren, kon\u00adtak\u00adtie\u00adren Sie uns bit\u00adte.<\/p><h2>1. Zweck, Daten und Auf\u00adbe\u00adwah\u00adrungs\u00addau\u00ader<\/h2>Wir k\u00f6n\u00adnen per\u00adso\u00adnen\u00adbe\u00adzo\u00adge\u00adne Daten f\u00fcr eine Rei\u00adhe von Zwe\u00adcken im Zusam\u00admen\u00adhang mit unse\u00adrem Gesch\u00e4fts\u00adbe\u00adtrieb erfas\u00adsen oder erhal\u00adten, zu denen die fol\u00adgen\u00adden geh\u00f6\u00adren k\u00f6n\u00adnen: (zum Erwei\u00adtern ankli\u00adcken)<details class=\"cmplz-dropdown dropdown-privacy-statement\"><summary><div><h3>1.1 Kon\u00adtakt \u2014 z. B. \u00fcber Tele\u00adfon, Post\u00adan\u00adschrift, E\u2011Mail und \/ oder Web\u00adfor\u00admu\u00adla\u00adre<\/h3><\/div><\/summary><p class=\"cmplz-subtitle\">Zu die\u00adsem Zweck ver\u00adwen\u00adden wir fol\u00adgen\u00adde Daten:<\/p><p><\/p><ul><li>Ein Vor- und Nach\u00adna\u00adme<\/li><li>Name oder Pseud\u00adonym des Kon\u00adtos<\/li><li>Ein Haus oder eine ande\u00adre phy\u00adsi\u00adka\u00adli\u00adsche Adres\u00adse, ein\u00adschlie\u00df\u00adlich Stra\u00ad\u00dfen\u00adna\u00adme und Name einer Stadt oder eines Ortes<\/li><li>E\u2011Mail-Adres\u00adse<\/li><li>Eine Tele\u00adfon\u00adnum\u00admer<\/li><li>IP-Adres\u00adse<\/li><li>Infor\u00adma\u00adtio\u00adnen zu Inter\u00adnet\u00adak\u00adti\u00advi\u00adt\u00e4\u00adten, ein\u00adschlie\u00df\u00adlich Brow\u00adser\u00adver\u00adlauf, Such\u00adver\u00adlauf und Infor\u00adma\u00adtio\u00adnen zur Inter\u00adak\u00adti\u00adon eines Ver\u00adbrau\u00adchers mit einer Inter\u00adnet\u00adweb\u00adsite, \u2011anwen\u00addung oder \u2011wer\u00adbung, ohne dar\u00adauf beschr\u00e4nkt zu sein<\/li><\/ul><p class=\"cmplz-subtitle\">Die Basis, auf der wir die\u00adse Daten ver\u00adar\u00adbei\u00adten k\u00f6n\u00adnen, ist:<\/p><p><a target=\"_blank\" rel=\"noopener noreferrer nofollow\" href=\"https:\/\/cookiedatabase.org\/legal-bases\/#obligation\">Zur Erf\u00fcl\u00adlung einer gesetz\u00adli\u00adchen oder beh\u00f6rd\u00adli\u00adchen Ver\u00adpflich\u00adtung.<\/a><\/p><p class=\"cmplz-subtitle\">Auf\u00adbe\u00adwah\u00adrungs\u00adzeit\u00adraum<\/p><p>Wir bewah\u00adren die\u00adse Daten bis zur Been\u00addi\u00adgung des Diens\u00adtes auf.<\/p><\/details><details class=\"cmplz-dropdown dropdown-privacy-statement\"><summary><div><h3>1.2 Unter\u00adst\u00fct\u00adzung f\u00fcr Dienst\u00adleis\u00adtun\u00adgen oder Pro\u00adduk\u00adte, die ein Kun\u00adde kau\u00adfen m\u00f6ch\u00adte oder gekauft hat<\/h3><\/div><\/summary><p class=\"cmplz-subtitle\">Zu die\u00adsem Zweck ver\u00adwen\u00adden wir fol\u00adgen\u00adde Daten:<\/p><p><\/p><ul><li>Ein Vor- und Nach\u00adna\u00adme<\/li><li>Name oder Pseud\u00adonym des Kon\u00adtos<\/li><li>Ein Haus oder eine ande\u00adre phy\u00adsi\u00adka\u00adli\u00adsche Adres\u00adse, ein\u00adschlie\u00df\u00adlich Stra\u00ad\u00dfen\u00adna\u00adme und Name einer Stadt oder eines Ortes<\/li><li>E\u2011Mail-Adres\u00adse<\/li><li>Eine Tele\u00adfon\u00adnum\u00admer<\/li><li>IP-Adres\u00adse<\/li><li>Infor\u00adma\u00adtio\u00adnen zu Inter\u00adnet\u00adak\u00adti\u00advi\u00adt\u00e4\u00adten, ein\u00adschlie\u00df\u00adlich Brow\u00adser\u00adver\u00adlauf, Such\u00adver\u00adlauf und Infor\u00adma\u00adtio\u00adnen zur Inter\u00adak\u00adti\u00adon eines Ver\u00adbrau\u00adchers mit einer Inter\u00adnet\u00adweb\u00adsite, \u2011anwen\u00addung oder \u2011wer\u00adbung, ohne dar\u00adauf beschr\u00e4nkt zu sein<\/li><\/ul><p class=\"cmplz-subtitle\">Die Basis, auf der wir die\u00adse Daten ver\u00adar\u00adbei\u00adten k\u00f6n\u00adnen, ist:<\/p><p><a target=\"_blank\" rel=\"noopener noreferrer nofollow\" href=\"https:\/\/cookiedatabase.org\/legal-bases\/#obligation\">Zur Erf\u00fcl\u00adlung einer gesetz\u00adli\u00adchen oder beh\u00f6rd\u00adli\u00adchen Ver\u00adpflich\u00adtung.<\/a><\/p><p class=\"cmplz-subtitle\">Auf\u00adbe\u00adwah\u00adrungs\u00adzeit\u00adraum<\/p><p>Wir bewah\u00adren die\u00adse Daten bis zur Been\u00addi\u00adgung des Diens\u00adtes auf.<\/p><\/details><details class=\"cmplz-dropdown dropdown-privacy-statement\"><summary><div><h3>1.3 Um gesetz\u00adli\u00adchen Ver\u00adpflich\u00adtun\u00adgen nach\u00adkom\u00admen zu k\u00f6n\u00adnen<\/h3><\/div><\/summary><p class=\"cmplz-subtitle\">Zu die\u00adsem Zweck ver\u00adwen\u00adden wir fol\u00adgen\u00adde Daten:<\/p><p><\/p><ul><li>Ein Vor- und Nach\u00adna\u00adme<\/li><li>Name oder Pseud\u00adonym des Kon\u00adtos<\/li><li>Ein Haus oder eine ande\u00adre phy\u00adsi\u00adka\u00adli\u00adsche Adres\u00adse, ein\u00adschlie\u00df\u00adlich Stra\u00ad\u00dfen\u00adna\u00adme und Name einer Stadt oder eines Ortes<\/li><li>E\u2011Mail-Adres\u00adse<\/li><li>Eine Tele\u00adfon\u00adnum\u00admer<\/li><li>IP-Adres\u00adse<\/li><li>Infor\u00adma\u00adtio\u00adnen zu Inter\u00adnet\u00adak\u00adti\u00advi\u00adt\u00e4\u00adten, ein\u00adschlie\u00df\u00adlich Brow\u00adser\u00adver\u00adlauf, Such\u00adver\u00adlauf und Infor\u00adma\u00adtio\u00adnen zur Inter\u00adak\u00adti\u00adon eines Ver\u00adbrau\u00adchers mit einer Inter\u00adnet\u00adweb\u00adsite, \u2011anwen\u00addung oder \u2011wer\u00adbung, ohne dar\u00adauf beschr\u00e4nkt zu sein<\/li><\/ul><p class=\"cmplz-subtitle\">Die Basis, auf der wir die\u00adse Daten ver\u00adar\u00adbei\u00adten k\u00f6n\u00adnen, ist:<\/p><p><a target=\"_blank\" rel=\"noopener noreferrer nofollow\" href=\"https:\/\/cookiedatabase.org\/legal-bases\/#obligation\">Zur Erf\u00fcl\u00adlung einer gesetz\u00adli\u00adchen oder beh\u00f6rd\u00adli\u00adchen Ver\u00adpflich\u00adtung.<\/a><\/p><p class=\"cmplz-subtitle\">Auf\u00adbe\u00adwah\u00adrungs\u00adzeit\u00adraum<\/p><p>Wir bewah\u00adren die\u00adse Daten bis zur Been\u00addi\u00adgung des Diens\u00adtes auf.<\/p><\/details><details class=\"cmplz-dropdown dropdown-privacy-statement\"><summary><div><h3>1.4 Erstel\u00adlung und Ana\u00adly\u00adse von Sta\u00adtis\u00adti\u00adken zur Ver\u00adbes\u00adse\u00adrung der Web\u00adsite.<\/h3><\/div><\/summary><p class=\"cmplz-subtitle\">Zu die\u00adsem Zweck ver\u00adwen\u00adden wir fol\u00adgen\u00adde Daten:<\/p><p><\/p><ul><li>Ein Vor- und Nach\u00adna\u00adme<\/li><li>Name oder Pseud\u00adonym des Kon\u00adtos<\/li><li>Ein Haus oder eine ande\u00adre phy\u00adsi\u00adka\u00adli\u00adsche Adres\u00adse, ein\u00adschlie\u00df\u00adlich Stra\u00ad\u00dfen\u00adna\u00adme und Name einer Stadt oder eines Ortes<\/li><li>E\u2011Mail-Adres\u00adse<\/li><li>Eine Tele\u00adfon\u00adnum\u00admer<\/li><li>IP-Adres\u00adse<\/li><li>Infor\u00adma\u00adtio\u00adnen zu Inter\u00adnet\u00adak\u00adti\u00advi\u00adt\u00e4\u00adten, ein\u00adschlie\u00df\u00adlich Brow\u00adser\u00adver\u00adlauf, Such\u00adver\u00adlauf und Infor\u00adma\u00adtio\u00adnen zur Inter\u00adak\u00adti\u00adon eines Ver\u00adbrau\u00adchers mit einer Inter\u00adnet\u00adweb\u00adsite, \u2011anwen\u00addung oder \u2011wer\u00adbung, ohne dar\u00adauf beschr\u00e4nkt zu sein<\/li><\/ul><p class=\"cmplz-subtitle\">Die Basis, auf der wir die\u00adse Daten ver\u00adar\u00adbei\u00adten k\u00f6n\u00adnen, ist:<\/p><p><a target=\"_blank\" rel=\"noopener noreferrer nofollow\" href=\"https:\/\/cookiedatabase.org\/legal-bases\/#obligation\">Zur Erf\u00fcl\u00adlung einer gesetz\u00adli\u00adchen oder beh\u00f6rd\u00adli\u00adchen Ver\u00adpflich\u00adtung.<\/a><\/p><p class=\"cmplz-subtitle\">Auf\u00adbe\u00adwah\u00adrungs\u00adzeit\u00adraum<\/p><p>Wir bewah\u00adren die\u00adse Daten bis zur Been\u00addi\u00adgung des Diens\u00adtes auf.<\/p><\/details><h2>2. Coo\u00adkies<\/h2><p>Unse\u00adre Web\u00adsite ver\u00adwen\u00addet Coo\u00adkies. Wei\u00adte\u00adre Infor\u00adma\u00adtio\u00adnen zu Coo\u00adkies fin\u00adden Sie in unse\u00adrer <a href=\"https:\/\/poschenrieder-consulting.eu\/de\/cookie-richtlinie-eu\/\">Coo\u00adkie-Richt\u00adli\u00adnie<\/a>.&nbsp;<\/p><h2>3. Offen\u00adle\u00adgungs\u00adprak\u00adti\u00adken<\/h2><p><\/p><p>Wir legen per\u00adso\u00adnen\u00adbe\u00adzo\u00adge\u00adne Daten offen, wenn wir gesetz\u00adlich oder per Gerichts\u00adbe\u00adschluss dazu ver\u00adpflich\u00adtet sind, z. B. auf Anfor\u00adde\u00adrung einer Straf\u00adver\u00adfol\u00adgungs\u00adbe\u00adh\u00f6r\u00adde, soweit dies im Rah\u00admen der gesetz\u00adli\u00adchen Bestim\u00admun\u00adgen zul\u00e4s\u00adsig ist, um Aus\u00adk\u00fcnf\u00adte zu ertei\u00adlen, oder f\u00fcr eine Unter\u00adsu\u00adchung in einer Ange\u00adle\u00adgen\u00adheit, die die \u00f6ffent\u00adli\u00adche Sicher\u00adheit betrifft.<\/p><p>Wenn unse\u00adre Web\u00adsite oder unser Unter\u00adneh\u00admen im Rah\u00admen einer Fusi\u00adon oder \u00dcber\u00adnah\u00adme \u00fcber\u00adnom\u00admen oder ver\u00adkauft wird, k\u00f6n\u00adnen Ihre Daten unse\u00adren Bera\u00adtern und poten\u00adzi\u00adel\u00adlen K\u00e4u\u00adfern offen\u00adge\u00adlegt und an die neu\u00aden Eigen\u00adt\u00fc\u00admer \u00fcber\u00admit\u00adtelt wer\u00adden.<\/p><p>Die Anga\u00adbe voll\u00adst\u00e4n\u00addi\u00adger IP-Adres\u00adsen wird von uns gesperrt.<\/p><h2>4. Sicher\u00adheit<\/h2><p>Wir ver\u00adpflich\u00adten uns zur Sicher\u00adheit per\u00adso\u00adnen\u00adbe\u00adzo\u00adge\u00adner Daten. Wir ergrei\u00adfen geeig\u00adne\u00adte Sicher\u00adheits\u00adma\u00df\u00adnah\u00admen, um den Miss\u00adbrauch und den unbe\u00adfug\u00adten Zugriff auf per\u00adso\u00adnen\u00adbe\u00adzo\u00adge\u00adne Daten zu begren\u00adzen. Dies stellt sicher, dass nur die erfor\u00adder\u00adli\u00adchen Per\u00adso\u00adnen Zugriff auf Ihre Daten haben, dass der Zugriff auf die Daten gesch\u00fctzt ist und dass unse\u00adre Sicher\u00adheits\u00adma\u00df\u00adnah\u00admen regel\u00adm\u00e4\u00ad\u00dfig \u00fcber\u00adpr\u00fcft wer\u00adden.<\/p><h2>5. Web\u00adsites von Dritt\u00adan\u00adbie\u00adtern<\/h2><p>Die\u00adse Daten\u00adschutz\u00ader\u00adkl\u00e4\u00adrung gilt nicht f\u00fcr Web\u00adsites Drit\u00adter, die durch Links auf unse\u00adrer Web\u00adsite ver\u00adbun\u00adden sind. Wir k\u00f6n\u00adnen nicht garan\u00adtie\u00adren, dass die\u00adse Drit\u00adten Ihre per\u00adso\u00adnen\u00adbe\u00adzo\u00adge\u00adnen Daten auf zuver\u00adl\u00e4s\u00adsi\u00adge oder siche\u00adre Wei\u00adse behan\u00addeln. Wir emp\u00adfeh\u00adlen Ihnen, die Daten\u00adschutz\u00ader\u00adkl\u00e4\u00adrun\u00adgen die\u00adser Web\u00adsites zu lesen, bevor Sie die\u00adse Web\u00adsites nut\u00adzen.<\/p><h2>6. \u00c4nde\u00adrun\u00adgen die\u00adser Daten\u00adschutz\u00ader\u00adkl\u00e4\u00adrung<\/h2><p>Wir behal\u00adten uns das Recht vor, \u00c4nde\u00adrun\u00adgen an die\u00adser Daten\u00adschutz\u00ader\u00adkl\u00e4\u00adrung vor\u00adzu\u00adneh\u00admen. Es wird emp\u00adfoh\u00adlen, die\u00adse Daten\u00adschutz\u00ader\u00adkl\u00e4\u00adrung regel\u00adm\u00e4\u00ad\u00dfig zu lesen, um \u00fcber \u00c4nde\u00adrun\u00adgen infor\u00admiert zu sein. Dar\u00ad\u00fcber hin\u00adaus wer\u00adden wir Sie nach M\u00f6g\u00adlich\u00adkeit aktiv infor\u00admie\u00adren.<\/p><h2>7. Zugriff auf und \u00c4nde\u00adrung Ihrer Daten<\/h2><p>Wenn Sie Fra\u00adgen haben oder wis\u00adsen m\u00f6ch\u00adten, wel\u00adche per\u00adso\u00adnen\u00adbe\u00adzo\u00adge\u00adnen Daten wir \u00fcber Sie haben, wen\u00adden Sie sich bit\u00adte an uns. Sie k\u00f6n\u00adnen uns unter Ver\u00adwen\u00addung der fol\u00adgen\u00adden Infor\u00adma\u00adtio\u00adnen kon\u00adtak\u00adtie\u00adren. Sie haben fol\u00adgen\u00adde Rech\u00adte:<\/p><ul>\n                <li>Sie haben das Recht zu erfah\u00adren, war\u00adum Ihre per\u00adso\u00adnen\u00adbe\u00adzo\u00adge\u00adnen Daten ben\u00f6\u00adtigt wer\u00adden, was damit pas\u00adsiert und wie lan\u00adge sie auf\u00adbe\u00adwahrt wer\u00adden.<\/li>\n                <li>Aus\u00adkunfts\u00adrecht: Sie haben das Recht, auf Ihre uns bekann\u00adten per\u00adso\u00adnen\u00adbe\u00adzo\u00adge\u00adnen Daten zuzu\u00adgrei\u00adfen.<\/li>\n                <li>Recht auf Berich\u00adti\u00adgung: Sie haben jeder\u00adzeit das Recht, Ihre per\u00adso\u00adnen\u00adbe\u00adzo\u00adge\u00adnen Daten zu erg\u00e4n\u00adzen, zu berich\u00adti\u00adgen, zu l\u00f6schen oder zu sper\u00adren.<\/li>\n                <li>Wenn Sie uns Ihre Ein\u00adwil\u00adli\u00adgung zur Ver\u00adar\u00adbei\u00adtung Ihrer Daten ertei\u00adlen, haben Sie das Recht, die\u00adse Ein\u00adwil\u00adli\u00adgung zu wider\u00adru\u00adfen und Ihre per\u00adso\u00adnen\u00adbe\u00adzo\u00adge\u00adnen Daten l\u00f6schen zu las\u00adsen.<\/li>\n                <li>Recht zur \u00dcber\u00admitt\u00adlung Ihrer Daten: Sie haben das Recht, alle Ihre per\u00adso\u00adnen\u00adbe\u00adzo\u00adge\u00adnen Daten vom f\u00fcr die Ver\u00adar\u00adbei\u00adtung Ver\u00adant\u00adwort\u00adli\u00adchen anzu\u00adfor\u00addern und voll\u00adst\u00e4n\u00addig an einen ande\u00adren f\u00fcr die Ver\u00adar\u00adbei\u00adtung Ver\u00adant\u00adwort\u00adli\u00adchen zu \u00fcber\u00admit\u00adteln.<\/li>\n                <li>Wider\u00adspruchs\u00adrecht: Sie k\u00f6n\u00adnen der Ver\u00adar\u00adbei\u00adtung Ihrer Daten wider\u00adspre\u00adchen. Wir hal\u00adten uns dar\u00adan, es sei denn, es lie\u00adgen berech\u00adtig\u00adte Gr\u00fcn\u00adde f\u00fcr die Bear\u00adbei\u00adtung vor.<\/li>\n            <\/ul><p>Bit\u00adte geben Sie immer deut\u00adlich an, wer Sie sind, damit wir sicher sein k\u00f6n\u00adnen, dass wir kei\u00adne Daten der fal\u00adschen Per\u00adson \u00e4ndern oder l\u00f6schen.<\/p><h2>8. Ein\u00adrei\u00adchen einer Beschwer\u00adde<\/h2><p>Wenn Sie mit der Art und Wei\u00adse, wie wir mit der Ver\u00adar\u00adbei\u00adtung Ihrer per\u00adso\u00adnen\u00adbe\u00adzo\u00adge\u00adnen Daten umge\u00adhen, nicht zufrie\u00adden sind, haben Sie das Recht, eine Beschwer\u00adde bei der Daten\u00adschutz\u00adbe\u00adh\u00f6r\u00adde ein\u00adzu\u00adrei\u00adchen.<\/p><h2>9. Kon\u00adtakt\u00adde\u00adtails<\/h2><p>Hubert A. Poschen\u00adrie\u00adder, MBA<br>\n        Post\u00adfach 1261, 65502 Idstein, Deutsch\u00adland<br>\n        Deutsch\u00adland<br>\n        Web\u00adsite: <a href=\"https:\/\/poschenrieder-consulting.eu\/de\">https:\/\/poschenrieder-consulting.eu\/de<\/a> <br>\n        E\u2011Mail: <span class=\"cmplz-obfuscate\">Info@<span class=\"cmplz-fmail-domain\">ex.com<\/span>Poschenrieder-consulting.de<\/span> <br>\n        Pho\u00adne num\u00adber: +49 (0) 6126 50196\u201380<\/p><h2>10. Daten\u00adan\u00adfra\u00adgen<\/h2><p>F\u00fcr die am h\u00e4u\u00adfigs\u00adten gestell\u00adten Anfra\u00adgen bie\u00adten wir Ihnen auch die M\u00f6g\u00adlich\u00adkeit, unser Daten\u00adan\u00adfra\u00adge\u00adfor\u00admu\u00adlar zu ver\u00adwen\u00adden<br>\t\t\t<\/p><div class=\"cmplz-datarequest cmplz-alert\">\n\t\t\t\t<span class=\"cmplz-close\">\u00d7<\/span>\n\t\t\t\t<span id=\"cmplz-message\"><\/span>\n\t\t\t<\/div>\n\t\t\t<form id=\"cmplz-datarequest-form\">\n\t\t\t\t<input type=\"hidden\" required value=\"eu\" name=\"cmplz_datarequest_region\" id=\"cmplz_datarequest_region\">\n\n\t\t\t\t<label for=\"cmplz_datarequest_firstname\" class=\"cmplz-first-name\">Name\t\t\t\t\t<input type=\"search\" class=\"datarequest-firstname\" value placeholder=\"your first name\" id=\"cmplz_datarequest_firstname\" name=\"cmplz_datarequest_firstname\">\n\t\t\t\t<\/label>\n\t\t\t\t<div>\n\t\t\t\t\t<label for=\"cmplz_datarequest_name\">Name<\/label>\n\t\t\t\t\t<input type=\"text\" required value placeholder=\"Ihr Name\" id=\"cmplz_datarequest_name\" name=\"cmplz_datarequest_name\">\n\t\t\t\t<\/div>\n\t\t\t\t<div>\n\t\t\t\t\t<label for=\"cmplz_datarequest_email\">E\u2011Mail<\/label>\n\t\t\t\t\t<input type=\"email\" required value placeholder=\"email@email.com\" id=\"cmplz_datarequest_email\" name=\"cmplz_datarequest_email\">\n\t\t\t\t<\/div>\n\t\t\t\t\t\t\t\t\t\t<div class=\"cmplz_datarequest cmplz_datarequest_request_for_access\">\n\t\t\t\t\t\t\t<label for=\"cmplz_datarequest_request_for_access\">\n\t\t\t\t\t\t\t\t<input type=\"checkbox\" value=\"1\" name=\"cmplz_datarequest_request_for_access\" id=\"cmplz_datarequest_request_for_access\">\n\t\t\t\t\t\t\t\tStel\u00adlen Sie eine Anfra\u00adge auf Zugang zu den Daten, die wir \u00fcber Sie ver\u00adar\u00adbei\u00adten.\t\t\t\t\t\t\t<\/label>\n\t\t\t\t\t\t<\/div>\n\t\t\t\t\t\t\t\t\t\t<div class=\"cmplz_datarequest cmplz_datarequest_right_to_be_forgotten\">\n\t\t\t\t\t\t\t<label for=\"cmplz_datarequest_right_to_be_forgotten\">\n\t\t\t\t\t\t\t\t<input type=\"checkbox\" value=\"1\" name=\"cmplz_datarequest_right_to_be_forgotten\" id=\"cmplz_datarequest_right_to_be_forgotten\">\n\t\t\t\t\t\t\t\tStel\u00adlen Sie eine Anfra\u00adge zur L\u00f6schung der Daten, wenn die\u00adse nicht mehr rele\u00advant sind.\t\t\t\t\t\t\t<\/label>\n\t\t\t\t\t\t<\/div>\n\t\t\t\t\t\t\t\t\t\t<div class=\"cmplz_datarequest cmplz_datarequest_right_to_data_portability\">\n\t\t\t\t\t\t\t<label for=\"cmplz_datarequest_right_to_data_portability\">\n\t\t\t\t\t\t\t\t<input type=\"checkbox\" value=\"1\" name=\"cmplz_datarequest_right_to_data_portability\" id=\"cmplz_datarequest_right_to_data_portability\">\n\t\t\t\t\t\t\t\tStel\u00adlen Sie eine Anfra\u00adge, um eine Export\u00adda\u00adtei der Daten zu erhal\u00adten, die wir \u00fcber Sie ver\u00adar\u00adbei\u00adten.\t\t\t\t\t\t\t<\/label>\n\t\t\t\t\t\t<\/div>\n\t\t\t\t\t\t\t\t<input type=\"button\" id=\"cmplz-datarequest-submit\" value=\"Senden\">\n\t\t\t<\/form>\n\n\t\t\t<style>\n\t\t\t\t\/* first-name is honeypot *\/\n\t\t\t\t.cmplz-first-name {\n\t\t\t\t\tposition: absolute !important;\n\t\t\t\t\tleft: -5000px !important;\n\t\t\t\t}\n\t\t\t<\/style>\n\t\t\t<h2>Anhang<\/h2><p><\/p><h3>Real\u00adly Simp\u00adle SSL<\/h3>\n                <p>Real\u00adly Simp\u00adle SSL und Real\u00adly Simp\u00adle SSL Add-ons ver\u00adar\u00adbei\u00adten kei\u00adne per\u00adso\u00adnen\u00adbe\u00adzo\u00adge\u00adnen Daten, so dass die DSGVO bei die\u00adsen Plug\u00adins oder die Benut\u00adzung die\u00adser Plug\u00adins auf dei\u00adner Web\u00adsite kei\u00adne Anwen\u00addung fin\u00addet. Du fin\u00addest unse\u00adre Daten\u00adschutz\u00ader\u00adkl\u00e4\u00adrung <a href=\"https:\/\/really-simple-ssl.com\/privacy-statement\/\" target=\"_blank\" rel=\"noopener\">hier<\/a>.<\/p>\n\n            <h3>Com\u00adpli\u00adanz | The Pri\u00adva\u00adcy Suite for Word\u00adPress<\/h3>\n                <p>Die\u00adse Web\u00adsite ver\u00adwen\u00addet die Pri\u00adva\u00adcy Suite f\u00fcr Word\u00adPress von Com\u00adpli\u00adanz, um Daten\u00ads\u00e4t\u00adze \u00fcber Ein\u00adwil\u00adli\u00adgun\u00adgen zu sam\u00admeln.&nbsp;F\u00fcr die\u00adse Funk\u00adtio\u00adna\u00adli\u00adt\u00e4t wird dei\u00adne IP-Adres\u00adse anony\u00admi\u00adsiert und in unse\u00adrer Daten\u00adbank gespei\u00adchert.&nbsp;Wei\u00adte\u00adre Infor\u00adma\u00adtio\u00adnen fin\u00addest du in der Com\u00adpli\u00adanz <a href=\"https:\/\/complianz.io\/privacy-statement\/\" target=\"_blank\" rel=\"noopener\">Daten\u00adschutz\u00ader\u00adkl\u00e4\u00adrung<\/a>.<\/p>\n\n            <h3>WP Smush<\/h3>\n                <h3>Plug\u00adin: Smush<\/h3>\n<p>Note: Smush does not inter\u00adact with end users on your web\u00adsite. The only input opti\u00adon Smush has is to a news\u00adlet\u00adter sub\u00adscrip\u00adti\u00adon for site admins only. If you would like to noti\u00adfy your users of this in your pri\u00adva\u00adcy poli\u00adcy, you can use the infor\u00adma\u00adti\u00adon below.<\/p>\n<p>Smush sends images to the WPMU DEV ser\u00advers to opti\u00admi\u00adze them for web use. This includes the trans\u00adfer of EXIF data. The EXIF data will eit\u00adher be strip\u00adped or retur\u00adned as it is. It is not stored on the WPMU DEV ser\u00advers.<\/p>\n<p>Smush uses the Stack\u00adpath Con\u00adtent Deli\u00advery Net\u00adwork (CDN). Stack\u00adpath may store web log infor\u00adma\u00adti\u00adon of site visi\u00adtors, inclu\u00adding IPs, UA, refer\u00adrer, Loca\u00adti\u00adon and ISP info of site visi\u00adtors for 7 days. Files and images ser\u00adved by the CDN may be stored and ser\u00adved from count\u00adries other than your own. Stackpath\u2019s pri\u00adva\u00adcy poli\u00adcy can be found <a href=\"https:\/\/www.stackpath.com\/legal\/privacy-statement\/\" target=\"_blank\" rel=\"noopener\">here<\/a>.<\/p>\n\n            <h3>Loco Trans\u00adla\u00adte<\/h3>\n                Die\u00adses Plug\u00adin sam\u00admelt kei\u00adner\u00adlei Daten von Besu\u00adchern die\u00adser Web\u00adsite.<br>Admi\u00adnis\u00adtra\u00adto\u00adren und Audi\u00adto\u00adren k\u00f6n\u00adnen die <a href=\"https:\/\/localise.biz\/wordpress\/plugin\/privacy\" target=\"_blank\" rel=\"noopener\">Daten\u00adschutz\u00ader\u00adkl\u00e4\u00adrung des Loco-Trans\u00adla\u00adte-Plug\u00adins<\/a> ein\u00adse\u00adhen.\n            <\/div>","protected":false},"excerpt":{"rendered":"","protected":false},"author":1,"featured_media":0,"parent":0,"menu_order":0,"comment_status":"closed","ping_status":"closed","template":"","meta":{"wp_typography_post_enhancements_disabled":false,"footnotes":""},"class_list":["post-1727","page","type-page","status-publish","hentry"],"_links":{"self":[{"href":"https:\/\/poschenrieder-consulting.eu\/de\/wp-json\/wp\/v2\/pages\/1727","targetHints":{"allow":["GET"]}}],"collection":[{"href":"https:\/\/poschenrieder-consulting.eu\/de\/wp-json\/wp\/v2\/pages"}],"about":[{"href":"https:\/\/poschenrieder-consulting.eu\/de\/wp-json\/wp\/v2\/types\/page"}],"author":[{"embeddable":true,"href":"https:\/\/poschenrieder-consulting.eu\/de\/wp-json\/wp\/v2\/users\/1"}],"replies":[{"embeddable":true,"href":"https:\/\/poschenrieder-consulting.eu\/de\/wp-json\/wp\/v2\/comments?post=1727"}],"version-history":[{"count":0,"href":"https:\/\/poschenrieder-consulting.eu\/de\/wp-json\/wp\/v2\/pages\/1727\/revisions"}],"wp:attachment":[{"href":"https:\/\/poschenrieder-consulting.eu\/de\/wp-json\/wp\/v2\/media?parent=1727"}],"curies":[{"name":"wp","href":"https:\/\/api.w.org\/{rel}","templated":true}]}}